{"id":830,"date":"2021-11-13T14:55:17","date_gmt":"2021-11-13T13:55:17","guid":{"rendered":"http:\/\/zsp1.zory.pl\/?page_id=830"},"modified":"2021-11-27T20:26:53","modified_gmt":"2021-11-27T19:26:53","slug":"deklaracja-dostepnosci","status":"publish","type":"page","link":"https:\/\/zsp1.zory.pl\/?page_id=830","title":{"rendered":"Deklaracja dost\u0119pno\u015bci"},"content":{"rendered":"<p>[et_pb_section fb_built=&#8221;1&#8243; admin_label=&#8221;Our Mission&#8221; _builder_version=&#8221;3.22&#8243; use_background_color_gradient=&#8221;on&#8221; background_color_gradient_start=&#8221;rgba(233,239,243,0)&#8221; background_color_gradient_end=&#8221;#e9eff3&#8243; background_image=&#8221;http:\/\/zsp1.zory.pl\/wp-content\/uploads\/2021\/11\/shapes-bg-color.png&#8221; parallax=&#8221;on&#8221; custom_padding=&#8221;54px|0px|32px|0px|false|false&#8221; global_colors_info=&#8221;{}&#8221;][et_pb_row admin_label=&#8221;Mission Row&#8221; _builder_version=&#8221;3.25&#8243; locked=&#8221;off&#8221; global_colors_info=&#8221;{}&#8221;][et_pb_column type=&#8221;4_4&#8243; _builder_version=&#8221;3.25&#8243; custom_padding=&#8221;|||&#8221; global_colors_info=&#8221;{}&#8221; custom_padding__hover=&#8221;|||&#8221;][et_pb_blurb title=&#8221;uwaga&#8221; use_icon=&#8221;on&#8221; font_icon=&#8221;&#xe012;||divi||400&#8243; icon_color=&#8221;#2b76df&#8221; image_icon_width=&#8221;32px&#8221; _builder_version=&#8221;4.13.0&#8243; header_font=&#8221;Cabin Sketch|700||on|||||&#8221; header_text_color=&#8221;#ff7355&#8243; header_font_size=&#8221;20px&#8221; header_letter_spacing=&#8221;5px&#8221; header_line_height=&#8221;1.5em&#8221; text_orientation=&#8221;center&#8221; custom_margin=&#8221;||0px|&#8221; icon_font_size=&#8221;32px&#8221; locked=&#8221;off&#8221; global_colors_info=&#8221;{}&#8221;][\/et_pb_blurb][et_pb_text _builder_version=&#8221;4.14.1&#8243; text_font=&#8221;|500|||||||&#8221; text_font_size=&#8221;16px&#8221; text_line_height=&#8221;2em&#8221; header_font=&#8221;||||||||&#8221; header_2_font=&#8221;Rubik|700|||||||&#8221; header_2_font_size=&#8221;40px&#8221; header_2_line_height=&#8221;1.4em&#8221; header_5_font=&#8221;Rubik|700||on|||||&#8221; header_5_text_color=&#8221;#2b76df&#8221; header_5_letter_spacing=&#8221;5px&#8221; header_5_line_height=&#8221;1.5em&#8221; text_orientation=&#8221;center&#8221; max_width=&#8221;700px&#8221; module_alignment=&#8221;center&#8221; custom_margin=&#8221;|||&#8221; custom_margin_tablet=&#8221;0px|||&#8221; custom_margin_last_edited=&#8221;off|desktop&#8221; hover_enabled=&#8221;0&#8243; text_line_height_last_edited=&#8221;off|desktop&#8221; header_2_font_size_tablet=&#8221;&#8221; header_2_font_size_phone=&#8221;30px&#8221; header_2_font_size_last_edited=&#8221;on|phone&#8221; global_colors_info=&#8221;{}&#8221; sticky_enabled=&#8221;0&#8243;]<\/p>\n<p class=\"western\" style=\"text-align: center;\"><b><span style=\"font-size: medium;\">DEKLARACJA\u00a0\u00a0 DOST\u0118PNO\u015aCI<\/span><\/b><\/p>\n<p class=\"western\" style=\"text-align: justify;\"><span style=\"font-size: medium;\">Zesp\u00f3\u0142 Szkolno &#8211; Przedszkolny nr 1\u00a0 \u017borach zobowi\u0105zuje si\u0119 zapewni\u0107 dost\u0119pno\u015b\u0107 swojej strony internetowej zgodnie z ustaw\u0105 z dnia 04 kwietnia 2019 r. o dost\u0119pno\u015bci cyfrowej stron internetowych i aplikacji mobilnych podmiot\u00f3w publicznych. <\/span><\/p>\n<p class=\"western\" style=\"text-align: justify;\"><span style=\"font-size: medium;\">O\u015bwiadczenie w sprawie dost\u0119pno\u015bci ma zastosowanie do strony internetowej: <\/span><span style=\"color: #0000ff;\"><u><span style=\"font-size: medium;\">zsp1.zory.pl<\/span><\/u><\/span><\/p>\n<p class=\"western\" style=\"text-align: justify;\"><span style=\"font-size: medium;\">Data publikacji strony: 01.12.2021 r.<\/span><\/p>\n<p class=\"western\" style=\"text-align: justify;\"><span style=\"font-size: medium;\">Data ostatniej istotnej aktualizacji: 01.12.2021 r.<\/span><\/p>\n<p class=\"western\" style=\"text-align: justify;\"><b><span style=\"font-size: medium;\">Status pod wzgl\u0119dem zgodno\u015bci z ustaw\u0105<\/span><\/b><\/p>\n<p class=\"western\" style=\"text-align: justify;\"><span style=\"font-size: medium;\">Strona internetowa jest cz\u0119\u015bciowo zgodna z ustaw\u0105 z dnia 04 kwietnia 2019 r.<br \/>o dost\u0119pno\u015bci cyfrowej stron internetowych i aplikacji mobilnych podmiot\u00f3w publicznych z powodu niezgodno\u015bci lub wy\u0142\u0105cze\u0144 wymienionych poni\u017cej:<\/span><\/p>\n<ul style=\"text-align: justify;\">\n<li>\n<p class=\"western\"><span style=\"font-size: medium;\">nie wszystkie obrazy (zdj\u0119cia) dodane do tre\u015bci strony posiadaj\u0105 tekst alternatywny pozwalaj\u0105cy zapozna\u0107 si\u0119 z tre\u015bci\u0105 obrazu;<\/span><\/p>\n<\/li>\n<li>\n<p class=\"western\"><span style=\"font-size: medium;\">brak opis\u00f3w zdj\u0119\u0107, tekstu alternatywnego dla czytnik\u00f3w obs\u0142ugiwanych przez osoby niepe\u0142nosprawne;<\/span><\/p>\n<\/li>\n<li>\n<p class=\"western\"><span style=\"font-size: medium;\">niekt\u00f3re zamieszczone informacje w postaci za\u0142\u0105cznik\u00f3w (skany dost\u0119pne<br \/>w formacie pdf lub inne dokumenty w formacie doc)\u00a0z uwagi na charakter informacji jaki jest niezb\u0119dny do opublikowania informacji, ze wzgl\u0119du na sw\u00f3j format wymagaj\u0105 zewn\u0119trznych (poza wbudowanymi w mechanizm strony) narz\u0119dzi u\u0142atwiaj\u0105cych ich dost\u0119pno\u015b\u0107;<\/span><\/p>\n<\/li>\n<\/ul>\n<ul style=\"text-align: justify;\">\n<li>\n<p class=\"western\"><span style=\"font-size: medium;\">filmy nie posiadaj\u0105 napis\u00f3w dla os\u00f3b g\u0142uchych;<\/span><\/p>\n<\/li>\n<li>\n<p class=\"western\"><span style=\"font-size: medium;\">zdj\u0119cia z wydarze\u0144 nie posiadaj\u0105 pe\u0142nych opis\u00f3w alternatywnych.<\/span><\/p>\n<\/li>\n<\/ul>\n<p class=\"western\" style=\"text-align: justify;\"><b><span style=\"font-size: medium;\">Powody wy\u0142\u0105czenia:\u00a0<\/span><\/b><\/p>\n<ul style=\"text-align: justify;\">\n<li>\n<p class=\"western\"><span style=\"font-size: medium;\">cz\u0119\u015b\u0107 tre\u015bci pochodzi ze strony, kt\u00f3ra zosta\u0142a zaprojektowana przed wej\u015bciem w \u017cycie ustawy o dost\u0119pno\u015bci cyfrowej,<\/span><\/p>\n<\/li>\n<li>\n<p class=\"western\"><span style=\"font-size: medium;\">administratorzy\/redaktorzy dok\u0142adaj\u0105 wszelkich stara\u0144 aby dane zamieszczone na stronie by\u0142y zrozumia\u0142e oraz formatowane w spos\u00f3b zgodny z zasadami dost\u0119pno\u015bci.<\/span><\/p>\n<\/li>\n<\/ul>\n<p class=\"western\" style=\"text-align: justify;\"><span style=\"font-size: medium;\">O\u015bwiadczenie zosta\u0142o ostatnio poddane przegl\u0105dowi w dniu 01.12.2021 r.<\/span><\/p>\n<p class=\"western\" style=\"text-align: justify;\"><span style=\"font-size: medium;\">Deklaracj\u0119 sporz\u0105dzono na podstawie samooceny przeprowadzonej przez podmiot publiczny.<\/span><\/p>\n<p class=\"western\" style=\"text-align: justify;\"><b><span style=\"font-size: medium;\">Skr\u00f3ty klawiszowe<\/span><\/b><\/p>\n<p class=\"western\" style=\"text-align: justify;\"><span style=\"font-size: medium;\">Strona przedszkola posiada nast\u0119puj\u0105ce u\u0142atwienia:<\/span><\/p>\n<ul style=\"text-align: justify;\">\n<li>\n<p class=\"western\"><span style=\"font-size: medium;\">w\u0142\u0105czenie skali szaro\u015bci (usuni\u0119cie kolor\u00f3w)<\/span><\/p>\n<\/li>\n<li>\n<p class=\"western\"><span style=\"font-size: medium;\">zmiana kontrasty (czarne t\u0142o, \u017c\u00f3\u0142te litery);<\/span><\/p>\n<\/li>\n<li>\n<p class=\"western\"><span style=\"font-size: medium;\">mo\u017cliwo\u015b\u0107 powi\u0119kszenia i zmniejszenia wielko\u015bci liter na stronie;<\/span><\/p>\n<\/li>\n<li>\n<p class=\"western\"><span style=\"font-size: medium;\">pod\u015bwietlane linki.<\/span><\/p>\n<\/li>\n<li>\n<p class=\"western\"><span style=\"font-size: medium;\">wy\u0142\u0105czenie t\u0142a (wy\u0142\u0105czanie grafiki w tle)<\/span><\/p>\n<\/li>\n<\/ul>\n<p class=\"western\" style=\"text-align: justify;\"><b><span style=\"font-size: medium;\">Informacje zwrotne i dane kontaktowe<\/span><\/b><\/p>\n<p class=\"western\" style=\"text-align: justify;\"><span style=\"font-size: medium;\">W przypadku problem\u00f3w z dost\u0119pno\u015bci\u0105 strony internetowej prosimy o kontakt. <\/span><\/p>\n<p class=\"western\" style=\"text-align: justify;\"><span style=\"font-size: medium;\">Osob\u0105 kontaktow\u0105 jest Maria Brudny<\/span><\/p>\n<p class=\"western\" style=\"text-align: justify;\"><span style=\"font-size: medium;\">e-mail:<\/span><span style=\"font-size: medium;\">\u00a0 <\/span><strong><a href=\"mailto:sp1zory@poczta.fm\"><span style=\"font-size: medium;\">sp1zory@poczta.fm<\/span><\/a><\/strong><\/p>\n<p class=\"western\" style=\"text-align: justify;\"><span style=\"font-size: medium;\">numer telefonu: 32 43 42 302<\/span><\/p>\n<p class=\"western\" style=\"text-align: justify;\"><span style=\"font-size: medium;\"><span>adres: <\/span><\/span><strong><span style=\"font-size: medium;\"><span lang=\"pl-PL\"><span>44 \u2013 240 \u017bory, ul. S\u0142oneczna 2<\/span><\/span><\/span><\/strong><\/p>\n<p class=\"western\" style=\"text-align: justify;\"><span style=\"font-size: medium;\">T\u0105 sam\u0105 drog\u0105 mo\u017cna sk\u0142ada\u0107 wnioski o udost\u0119pnienie informacji niedost\u0119pnej oraz sk\u0142ada\u0107 skargi na brak zapewnienia dost\u0119pno\u015bci.<\/span><\/p>\n<p class=\"western\" style=\"text-align: justify;\"><b><span style=\"font-size: medium;\">Informacje na temat procedury<\/span><\/b><\/p>\n<p class=\"western\" style=\"text-align: justify;\"><span style=\"font-size: medium;\">Ka\u017cdy ma prawo do wyst\u0105pienia z \u017c\u0105daniem zapewnienia dost\u0119pno\u015bci cyfrowej strony internetowej lub jakiego\u015b jej elementu. Mo\u017cna tak\u017ce za\u017c\u0105da\u0107 udost\u0119pnienia informacji za pomoc\u0105 alternatywnego sposobu dost\u0119pu, na przyk\u0142ad przez odczytanie niedost\u0119pnego cyfrowo dokumentu, opisanie zawarto\u015bci filmu bez audiodeskrypcji itp. \u017b\u0105danie powinno zawiera\u0107 dane osoby zg\u0142aszaj\u0105cej \u017c\u0105danie, wskazanie, o kt\u00f3r\u0105 stron\u0119 internetow\u0105 lub aplikacj\u0119 mobiln\u0105 chodzi oraz spos\u00f3b kontaktu. Je\u017celi osoba \u017c\u0105daj\u0105ca zg\u0142asza potrzeb\u0119 otrzymania informacji za pomoc\u0105 alternatywnego sposobu dost\u0119pu, powinna tak\u017ce okre\u015bli\u0107 dogodny dla niej spos\u00f3b przedstawienia tej informacji. Podmiot publiczny powinien zrealizowa\u0107 \u017c\u0105danie niezw\u0142ocznie, nie p\u00f3\u017aniej ni\u017c w ci\u0105gu 7 dni od dnia wyst\u0105pienia z \u017c\u0105daniem. Je\u017celi dotrzymanie tego terminu nie jest mo\u017cliwe, podmiot publiczny niezw\u0142ocznie informuje o tym wnosz\u0105cego \u017c\u0105danie, kiedy realizacja \u017c\u0105dania b\u0119dzie mo\u017cliwa, przy czym termin ten nie mo\u017ce by\u0107 d\u0142u\u017cszy ni\u017c 2 miesi\u0105ce od dnia wyst\u0105pienia z \u017c\u0105daniem. Je\u017celi zapewnienie dost\u0119pno\u015bci cyfrowej nie jest mo\u017cliwe, podmiot publiczny mo\u017ce zaproponowa\u0107 alternatywny spos\u00f3b dost\u0119pu do informacji. W przypadku, gdy podmiot publiczny odm\u00f3wi realizacji \u017c\u0105dania zapewnienia dost\u0119pno\u015bci lub alternatywnego sposobu dost\u0119pu do informacji, wnosz\u0105cy \u017c\u0105danie mo\u017ce z\u0142o\u017cy\u0107 skarg\u0119 w sprawie zapewniana dost\u0119pno\u015bci cyfrowej strony internetowej, aplikacji mobilnej lub elementu strony internetowej, lub aplikacji mobilnej. Po wyczerpaniu wskazanej wy\u017cej procedury mo\u017cna tak\u017ce z\u0142o\u017cy\u0107 wniosek do <\/span><span style=\"color: #0000ff;\"><u><a href=\"https:\/\/www.rpo.gov.pl\/pl\"><span style=\"font-size: medium;\">Rzecznika Praw Obywatelskich<\/span><\/a><\/u><\/span><span style=\"font-size: medium;\"> (adres: al. Solidarno\u015bci 77, 00-090 Warszawa). Link do strony internetowej Rzecznika Praw Obywatelskich<\/span><span style=\"font-size: medium;\">\u00a0<\/span><span style=\"color: #0000ff;\"><u><a href=\"https:\/\/www.rpo.gov.pl\/\"><span style=\"font-size: medium;\">https:\/\/www.rpo.gov.pl<\/span><\/a><\/u><\/span><\/p>\n<p class=\"western\" style=\"text-align: justify;\"><b><span style=\"font-size: medium;\">Dost\u0119pno\u015b\u0107 architektoniczna<\/span><\/b><\/p>\n<p class=\"western\" style=\"text-align: justify;\"><span style=\"font-size: medium;\">Budynek Zespo\u0142u Szkolno-Przedszkolnego nr 1 po\u0142o\u017cony przy ul. S\u0142onecznej 2 nie posiada barier architektonicznych i jest og\u00f3lnodost\u0119pny w godzinach pracy.<br \/>Przestrze\u0144 komunikacyjna budynku jest wolna od barier poziomych i pionowych.<br \/>Korytarze, znajduj\u0105ce si\u0119 w budynku s\u0105 og\u00f3lnodost\u0119pne, odpowiednio oznakowane zar\u00f3wno dla os\u00f3b z dysfunkcj\u0105 narz\u0105du ruchu oraz wzroku.<br \/>Informacja o rozk\u0142adzie pomieszcze\u0144 w budynkach jest zapewniona w spos\u00f3b wizualny (tablice informacyjne).<br \/>Zapewniony jest wst\u0119p do budynku osobie korzystaj\u0105cej z psa asystuj\u0105cego (poinstruowani pracownicy obs\u0142ugi).<br \/>Osobom ze szczeg\u00f3lnymi potrzebami zapewniono mo\u017cliwo\u015bci ewakuacji lub ich uratowania w inny spos\u00f3b (komunikaty d\u017awi\u0119kowe, oznaczenia dr\u00f3g ewakuacyjnych, szkolenia i instrukcje dla os\u00f3b funkcyjnych z zakresu ochrony przeciwpo\u017carowej i zasad post\u0119powania na wypadek ewakuacji).<br \/><\/span><\/p>\n<p class=\"western\" style=\"text-align: justify;\"><span style=\"font-size: medium;\"><b>Dost\u0119pno\u015b\u0107 informacyjno \u2013 komunikacyjna<\/b><\/span><\/p>\n<p class=\"western\" style=\"text-align: justify;\"><span style=\"font-size: medium;\">Zapewnienie obs\u0142ugi z wykorzystaniem \u015brodk\u00f3w wspieraj\u0105cych komunikowanie si\u0119 dla os\u00f3b, kt\u00f3re zg\u0142osz\u0105 potrzeb\u0119 t\u0142umacza migowego.<\/span><\/p>\n<p class=\"western\" style=\"text-align: justify;\"><span style=\"font-size: medium;\">Zapewnienie komunikacji z Przedszkolem na wniosek osoby ze szczeg\u00f3lnymi potrzebami w formie okre\u015blonej w tym wniosku &#8211; pracownik schodzi do klienta po zawiadomieniu przez osob\u0119 wnioskuj\u0105c\u0105 lub bezpo\u015brednio przez pracownika informacji o konieczno\u015bci obs\u0142ugi klienta z niepe\u0142nosprawno\u015bci\u0105 ruchow\u0105 przy wej\u015bciu do budynku.<\/span><\/p>\n<p class=\"western\" style=\"text-align: justify;\"><b><span style=\"font-size: medium;\">Aplikacje mobilne<\/span><\/b><\/p>\n<p class=\"western\" style=\"text-align: justify;\"><span style=\"font-size: medium;\">Podmiot nie posiada aplikacji mobilnych.<\/span><\/p>\n<p class=\"western\" style=\"text-align: justify;\"><span style=\"font-size: medium;\">Raport o stanie zapewnienia dost\u0119pno\u015bci podmiotu publicznego \u2013 pobierz (w tym miejscu link)<\/span><\/p>\n<p>[\/et_pb_text][\/et_pb_column][\/et_pb_row][\/et_pb_section]<\/p>\n","protected":false},"excerpt":{"rendered":"<p>DEKLARACJA\u00a0\u00a0 DOST\u0118PNO\u015aCI Zesp\u00f3\u0142 Szkolno &#8211; Przedszkolny nr 1\u00a0 \u017borach zobowi\u0105zuje si\u0119 zapewni\u0107 dost\u0119pno\u015b\u0107 swojej strony internetowej zgodnie z ustaw\u0105 z dnia 04 kwietnia 2019 r. o dost\u0119pno\u015bci cyfrowej stron internetowych i aplikacji mobilnych podmiot\u00f3w publicznych. O\u015bwiadczenie w sprawie dost\u0119pno\u015bci ma zastosowanie do strony internetowej: zsp1.zory.pl Data publikacji strony: 01.12.2021 r. Data ostatniej istotnej aktualizacji: 01.12.2021 [&hellip;]<\/p>\n","protected":false},"author":2,"featured_media":0,"parent":0,"menu_order":0,"comment_status":"closed","ping_status":"closed","template":"","meta":{"_et_pb_use_builder":"on","_et_pb_old_content":"","_et_gb_content_width":"","footnotes":""},"class_list":["post-830","page","type-page","status-publish","hentry"],"_links":{"self":[{"href":"https:\/\/zsp1.zory.pl\/index.php?rest_route=\/wp\/v2\/pages\/830","targetHints":{"allow":["GET"]}}],"collection":[{"href":"https:\/\/zsp1.zory.pl\/index.php?rest_route=\/wp\/v2\/pages"}],"about":[{"href":"https:\/\/zsp1.zory.pl\/index.php?rest_route=\/wp\/v2\/types\/page"}],"author":[{"embeddable":true,"href":"https:\/\/zsp1.zory.pl\/index.php?rest_route=\/wp\/v2\/users\/2"}],"replies":[{"embeddable":true,"href":"https:\/\/zsp1.zory.pl\/index.php?rest_route=%2Fwp%2Fv2%2Fcomments&post=830"}],"version-history":[{"count":3,"href":"https:\/\/zsp1.zory.pl\/index.php?rest_route=\/wp\/v2\/pages\/830\/revisions"}],"predecessor-version":[{"id":889,"href":"https:\/\/zsp1.zory.pl\/index.php?rest_route=\/wp\/v2\/pages\/830\/revisions\/889"}],"wp:attachment":[{"href":"https:\/\/zsp1.zory.pl\/index.php?rest_route=%2Fwp%2Fv2%2Fmedia&parent=830"}],"curies":[{"name":"wp","href":"https:\/\/api.w.org\/{rel}","templated":true}]}}