{"id":805,"date":"2021-11-13T14:18:26","date_gmt":"2021-11-13T13:18:26","guid":{"rendered":"http:\/\/zsp1.zory.pl\/?page_id=805"},"modified":"2021-11-27T20:14:37","modified_gmt":"2021-11-27T19:14:37","slug":"nasz-patron","status":"publish","type":"page","link":"https:\/\/zsp1.zory.pl\/?page_id=805","title":{"rendered":"Nasz patron"},"content":{"rendered":"<p>[et_pb_section fb_built=&#8221;1&#8243; admin_label=&#8221;Our Mission&#8221; _builder_version=&#8221;3.22&#8243; use_background_color_gradient=&#8221;on&#8221; background_color_gradient_start=&#8221;rgba(233,239,243,0)&#8221; background_color_gradient_end=&#8221;#e9eff3&#8243; background_image=&#8221;http:\/\/zsp1.zory.pl\/wp-content\/uploads\/2021\/11\/shapes-bg-color.png&#8221; parallax=&#8221;on&#8221; custom_padding=&#8221;13px|0px|32px|0px|false|false&#8221; global_colors_info=&#8221;{}&#8221;][et_pb_row admin_label=&#8221;Mission Row&#8221; _builder_version=&#8221;3.25&#8243; locked=&#8221;off&#8221; global_colors_info=&#8221;{}&#8221;][et_pb_column type=&#8221;4_4&#8243; _builder_version=&#8221;3.25&#8243; custom_padding=&#8221;|||&#8221; global_colors_info=&#8221;{}&#8221; custom_padding__hover=&#8221;|||&#8221;][et_pb_blurb title=&#8221;nasz patron&#8221; use_icon=&#8221;on&#8221; font_icon=&#8221;&#xf0c0;||fa||900&#8243; icon_color=&#8221;#2b76df&#8221; image_icon_width=&#8221;32px&#8221; _builder_version=&#8221;4.13.1&#8243; header_font=&#8221;Cabin Sketch|700||on|||||&#8221; header_text_color=&#8221;#ff7355&#8243; header_font_size=&#8221;20px&#8221; header_letter_spacing=&#8221;5px&#8221; header_line_height=&#8221;1.5em&#8221; text_orientation=&#8221;center&#8221; custom_margin=&#8221;||0px|&#8221; custom_padding=&#8221;||0px|||&#8221; icon_font_size=&#8221;32px&#8221; locked=&#8221;off&#8221; global_colors_info=&#8221;{}&#8221;][\/et_pb_blurb][et_pb_text _builder_version=&#8221;4.14.1&#8243; text_font=&#8221;|500|||||||&#8221; text_font_size=&#8221;16px&#8221; text_line_height=&#8221;2em&#8221; header_font=&#8221;||||||||&#8221; header_2_font=&#8221;Rubik|700|||||||&#8221; header_2_font_size=&#8221;40px&#8221; header_2_line_height=&#8221;1.4em&#8221; header_5_font=&#8221;Rubik|700||on|||||&#8221; header_5_text_color=&#8221;#2b76df&#8221; header_5_letter_spacing=&#8221;5px&#8221; header_5_line_height=&#8221;1.5em&#8221; text_orientation=&#8221;center&#8221; max_width=&#8221;700px&#8221; module_alignment=&#8221;center&#8221; custom_margin=&#8221;|||&#8221; custom_margin_tablet=&#8221;0px|||&#8221; custom_margin_last_edited=&#8221;off|desktop&#8221; hover_enabled=&#8221;0&#8243; text_line_height_last_edited=&#8221;off|desktop&#8221; header_2_font_size_tablet=&#8221;&#8221; header_2_font_size_phone=&#8221;30px&#8221; header_2_font_size_last_edited=&#8221;on|phone&#8221; global_colors_info=&#8221;{}&#8221; sticky_enabled=&#8221;0&#8243;]<\/p>\n<p style=\"text-align: justify;\">\u00a0\u00a0\u00a0\u00a0\u00a0 Maria Konopnicka to polska poetka, prozaik, krytyk i publicystka. Autorka jest wybitn\u0105 postaci\u0105\u00a0 w polskiej literaturze, zw\u0142aszcza tej adresowanej do dzieci, jednak cz\u0119sto\u00a0 zapominan\u0105 i niezbyt \u201e atrakcyjn\u0105\u201d dla wsp\u00f3\u0142czesnych m\u0142odych czytelnik\u00f3w. Kto z nas jednak w dzieci\u0144stwie nie \u015bledzi\u0142 los\u00f3w sierotki Marysi\u00a0 i Kosza\u0142ka \u2013 Opa\u0142ka ? Kto nie \u015bmia\u0142 si\u0119\u00a0 z tch\u00f3rzliwego Stefka Burczymuchy ? Ju\u017c od wielu lat losy bohater\u00f3w utwor\u00f3w Marii Konopnickiej wzruszaj\u0105 kolejne pokolenia. Opowie\u015b\u0107\u00a0 \u201e O krasnoludkach i sierotce Marysi\u201d\u00a0\u00a0\u00a0\u00a0 oraz inne piosenki, liryki, opowie\u015bci poetyckie\u00a0 dla dzieci\u00a0 \u2013 s\u0105 ponadczasowe a Maria Konopnicka w swych utworach\u00a0 \u201enie przychodzi ani uczy\u0107 dzieci, ani te\u017c ich bawi\u0107, przychodzi \u015bpiewa\u0107 z nimi\u201d. Zachwyca\u0107 mo\u017ce i dzisiaj najkr\u00f3tszy, najprostszy program wychowawczy :<\/p>\n<p style=\"text-align: justify;\">\u201e Szanuj , drogie dzieci\u0119 moje , w ma\u0142ym ziarnku przysz\u0142e plony .<\/p>\n<p style=\"text-align: justify;\">W ma\u0142ej kropli \u2013 przysz\u0142e\u00a0 zdroje , w szel\u0105gu \u2013 miliony .<\/p>\n<p style=\"text-align: justify;\">Czcij Ojczyzn\u0119 zawsze , wsz\u0119dzie, cho\u0107 los na ni\u0105 gromy miota .<\/p>\n<p style=\"text-align: justify;\">Nie zmo\u017ce jej , gdy \u017cy\u0107 b\u0119dzie polski j\u0119zyk , polska cnota\u201d.<\/p>\n<p style=\"text-align: justify;\">Biografia Konopnickiej to przyk\u0142ad odwagi \u017cycia w trudnej epoce bez niepodleg\u0142o\u015bci. Trud wychowania samotnie sze\u015bciorga dzieci, ci\u0119\u017ckie do\u015bwiadczenia osobiste i rodzinne, dzia\u0142alno\u015b\u0107 spo\u0142eczna &#8211;\u00a0 wymaga\u0142y nie lada hartu ducha. Konopnicka burzy schematy my\u015blenia o roli kobiety, porusza serca wra\u017cliwo\u015bci\u0105, pokazuje gorzk\u0105 prawd\u0119 o czasach i ludziach. Z mi\u0142o\u015bci\u0105\u00a0 pochyla si\u0119 nad dzieckiem, jego ma\u0142ymi i du\u017cymi dramatami, uczy i wychowuje, bawi i wzrusza. R\u00f3wnie\u017c i dzi\u015b warto przypomina\u0107 dzieciom oraz rodzicom\u00a0 najpi\u0119kniejsze utwory poetki, zapoznawa\u0107 ich z jej biografi\u0105. Maria Konopnicka zas\u0142uguje na szacunek jako pisarka i kobieta i dlatego\u00a0w\u0142a\u015bnie spo\u0142eczno\u015b\u0107 naszego przedszkola wybra\u0142a j\u0105 na patrona.<\/p>\n<p style=\"text-align: center;\"><img loading=\"lazy\" decoding=\"async\" src=\"http:\/\/zsp1.zory.pl\/wp-content\/uploads\/2021\/11\/patron-262x300.jpg\" width=\"262\" height=\"300\" alt=\"\" class=\"wp-image-807 alignnone size-medium\" \/><\/p>\n<p>[\/et_pb_text][\/et_pb_column][\/et_pb_row][\/et_pb_section]<\/p>\n","protected":false},"excerpt":{"rendered":"<p>\u00a0\u00a0\u00a0\u00a0\u00a0 Maria Konopnicka to polska poetka, prozaik, krytyk i publicystka. Autorka jest wybitn\u0105 postaci\u0105\u00a0 w polskiej literaturze, zw\u0142aszcza tej adresowanej do dzieci, jednak cz\u0119sto\u00a0 zapominan\u0105 i niezbyt \u201e atrakcyjn\u0105\u201d dla wsp\u00f3\u0142czesnych m\u0142odych czytelnik\u00f3w. Kto z nas jednak w dzieci\u0144stwie nie \u015bledzi\u0142 los\u00f3w sierotki Marysi\u00a0 i Kosza\u0142ka \u2013 Opa\u0142ka ? Kto nie \u015bmia\u0142 si\u0119\u00a0 z tch\u00f3rzliwego [&hellip;]<\/p>\n","protected":false},"author":2,"featured_media":0,"parent":0,"menu_order":0,"comment_status":"closed","ping_status":"closed","template":"","meta":{"_et_pb_use_builder":"on","_et_pb_old_content":"","_et_gb_content_width":"","footnotes":""},"class_list":["post-805","page","type-page","status-publish","hentry"],"_links":{"self":[{"href":"https:\/\/zsp1.zory.pl\/index.php?rest_route=\/wp\/v2\/pages\/805","targetHints":{"allow":["GET"]}}],"collection":[{"href":"https:\/\/zsp1.zory.pl\/index.php?rest_route=\/wp\/v2\/pages"}],"about":[{"href":"https:\/\/zsp1.zory.pl\/index.php?rest_route=\/wp\/v2\/types\/page"}],"author":[{"embeddable":true,"href":"https:\/\/zsp1.zory.pl\/index.php?rest_route=\/wp\/v2\/users\/2"}],"replies":[{"embeddable":true,"href":"https:\/\/zsp1.zory.pl\/index.php?rest_route=%2Fwp%2Fv2%2Fcomments&post=805"}],"version-history":[{"count":3,"href":"https:\/\/zsp1.zory.pl\/index.php?rest_route=\/wp\/v2\/pages\/805\/revisions"}],"predecessor-version":[{"id":881,"href":"https:\/\/zsp1.zory.pl\/index.php?rest_route=\/wp\/v2\/pages\/805\/revisions\/881"}],"wp:attachment":[{"href":"https:\/\/zsp1.zory.pl\/index.php?rest_route=%2Fwp%2Fv2%2Fmedia&parent=805"}],"curies":[{"name":"wp","href":"https:\/\/api.w.org\/{rel}","templated":true}]}}