{"id":638,"date":"2021-08-11T20:12:10","date_gmt":"2021-08-11T18:12:10","guid":{"rendered":"http:\/\/185.242.132.144\/?page_id=638"},"modified":"2021-12-05T17:29:53","modified_gmt":"2021-12-05T16:29:53","slug":"rozklad-dnia","status":"publish","type":"page","link":"https:\/\/zsp1.zory.pl\/?page_id=638","title":{"rendered":"Rozk\u0142ad dnia"},"content":{"rendered":"<p>[et_pb_section fb_built=&#8221;1&#8243; admin_label=&#8221;Our Mission&#8221; _builder_version=&#8221;3.22&#8243; use_background_color_gradient=&#8221;on&#8221; background_color_gradient_start=&#8221;rgba(233,239,243,0)&#8221; background_color_gradient_end=&#8221;#e9eff3&#8243; background_image=&#8221;http:\/\/zsp1.zory.pl\/wp-content\/uploads\/2021\/11\/shapes-bg-color.png&#8221; parallax=&#8221;on&#8221; custom_padding=&#8221;13px|0px|32px|0px|false|false&#8221; global_colors_info=&#8221;{}&#8221;][et_pb_row admin_label=&#8221;Mission Row&#8221; _builder_version=&#8221;3.25&#8243; locked=&#8221;off&#8221; global_colors_info=&#8221;{}&#8221;][et_pb_column type=&#8221;4_4&#8243; _builder_version=&#8221;3.25&#8243; custom_padding=&#8221;|||&#8221; global_colors_info=&#8221;{}&#8221; custom_padding__hover=&#8221;|||&#8221;][et_pb_blurb title=&#8221;plan dnia&#8221; use_icon=&#8221;on&#8221; font_icon=&#8221;&#xf017;||fa||400&#8243; icon_color=&#8221;#2b76df&#8221; image_icon_width=&#8221;32px&#8221; _builder_version=&#8221;4.13.1&#8243; header_font=&#8221;Cabin Sketch|700||on|||||&#8221; header_text_color=&#8221;#ff7355&#8243; header_font_size=&#8221;20px&#8221; header_letter_spacing=&#8221;5px&#8221; header_line_height=&#8221;1.5em&#8221; text_orientation=&#8221;center&#8221; custom_margin=&#8221;||0px|&#8221; custom_padding=&#8221;||0px|||&#8221; icon_font_size=&#8221;32px&#8221; locked=&#8221;off&#8221; global_colors_info=&#8221;{}&#8221;][\/et_pb_blurb][et_pb_text _builder_version=&#8221;4.14.2&#8243; text_font=&#8221;|500|||||||&#8221; text_font_size=&#8221;16px&#8221; text_line_height=&#8221;2em&#8221; header_font=&#8221;||||||||&#8221; header_2_font=&#8221;Rubik|700|||||||&#8221; header_2_font_size=&#8221;40px&#8221; header_2_line_height=&#8221;1.4em&#8221; header_5_font=&#8221;Rubik|700||on|||||&#8221; header_5_text_color=&#8221;#2b76df&#8221; header_5_letter_spacing=&#8221;5px&#8221; header_5_line_height=&#8221;1.5em&#8221; text_orientation=&#8221;center&#8221; max_width=&#8221;700px&#8221; module_alignment=&#8221;center&#8221; custom_margin=&#8221;|||&#8221; custom_margin_tablet=&#8221;0px|||&#8221; custom_margin_last_edited=&#8221;off|desktop&#8221; hover_enabled=&#8221;0&#8243; text_line_height_last_edited=&#8221;off|desktop&#8221; header_2_font_size_tablet=&#8221;&#8221; header_2_font_size_phone=&#8221;30px&#8221; header_2_font_size_last_edited=&#8221;on|phone&#8221; global_colors_info=&#8221;{}&#8221; sticky_enabled=&#8221;0&#8243;]<\/p>\n<p align=\"center\"><span style=\"color: #c00000;\"><span style=\"font-family: Garamond, serif;\"><span style=\"font-size: large;\"><b>Ramowy rozk\u0142ad dnia Przedszkola nr 4 im. Marii Konopnickiej w \u017borach<\/b><\/span><\/span><\/span><\/p>\n<p align=\"center\"><span style=\"color: #c00000;\"><span style=\"font-family: Garamond, serif;\"><span style=\"font-size: large;\"><b>Podstawa programowa realizowana jest w godzinach 6:00 \u2013 17:00<\/b><\/span><\/span><\/span><\/p>\n<table width=\"100%\" cellpadding=\"4\" cellspacing=\"0\">\n<tbody>\n<tr valign=\"top\">\n<td width=\"17%\">\n<p align=\"justify\">\n<\/td>\n<td width=\"83%\">\n<p align=\"justify\"><span style=\"color: #41238d;\"><span style=\"font-family: Garamond, serif;\"><b>Ranek<\/b><\/span><\/span><\/p>\n<\/td>\n<\/tr>\n<tr valign=\"top\">\n<td width=\"17%\">\n<p align=\"justify\"><span style=\"font-family: Garamond, serif;\"><b>6:00 \u2013 7:30<\/b><\/span><\/p>\n<\/td>\n<td width=\"83%\">\n<p align=\"justify\"><span style=\"font-family: Garamond, serif;\">Schodzenie si\u0119 dzieci w grupie zbiorczej &#8211; dowolna dzia\u0142alno\u015b\u0107 dzieci, rozmowy indywidualne lub zespo\u0142owe, zabawy zainspirowane przez nauczycielk\u0119, zabawy integruj\u0105ce grup\u0119.<\/span><\/p>\n<\/td>\n<\/tr>\n<tr valign=\"top\">\n<td width=\"17%\">\n<p align=\"justify\"><span style=\"font-family: Garamond, serif;\"><b>7:30 \u2013 8:<\/b><\/span><span style=\"font-family: Garamond, serif;\">00<\/span><\/p>\n<\/td>\n<td width=\"83%\">\n<p align=\"justify\"><span style=\"font-family: Garamond, serif;\">Schodzenie si\u0119 dzieci w grupach w\u0142asnych, kontakty indywidualne, rozmowy podczas <\/span><span style=\"font-family: Garamond, serif;\">s<\/span><span style=\"font-family: Garamond, serif;\">chodzenia si\u0119, zabawy dowolne, zabawy przy niewielkim udziale nauczycielki, zabawy organizowane w ma\u0142ych grupach, prace porz\u0105dkowe, praca indywidualna i w ma\u0142ych zespo\u0142ach rozwijaj\u0105ca zainteresowania, wspomagaj\u0105ca rozw\u00f3j dziecka<\/span><\/p>\n<p align=\"justify\"><span style=\"font-family: Garamond, serif;\">Religia: Grupa V: poniedzia\u0142ek, \u015broda; Grupa VI: wtorek, \u015broda.<\/span><\/p>\n<\/td>\n<\/tr>\n<tr valign=\"top\">\n<td width=\"17%\">\n<p align=\"justify\"><span style=\"font-family: Garamond, serif;\"><b>8:00 \u2013 8:20 <\/b><\/span><\/p>\n<\/td>\n<td width=\"83%\">\n<p align=\"justify\"><span style=\"font-family: Garamond, serif;\">Zabawy ruchowe (gr. m\u0142odsze), \u0107wiczenia poranne (gr. starsze), czynno\u015bci opieku\u0144cze, <\/span><\/p>\n<p align=\"justify\"><span style=\"font-family: Garamond, serif;\">s<\/span><span style=\"font-family: Garamond, serif;\">amoobs\u0142ugowe, organizacyjne. <\/span><\/p>\n<\/td>\n<\/tr>\n<tr valign=\"top\">\n<td width=\"17%\">\n<p align=\"justify\"><span style=\"font-family: Garamond, serif;\"><b>8:20 \u2013 8:30<\/b><\/span><\/p>\n<\/td>\n<td width=\"83%\">\n<p align=\"justify\"><span style=\"font-family: Garamond, serif;\">Przygotowanie do \u015bniadania, zabiegi higieniczne.<\/span><\/p>\n<\/td>\n<\/tr>\n<tr valign=\"top\">\n<td width=\"17%\">\n<p align=\"justify\"><span style=\"font-family: Garamond, serif;\"><b>8:30 \u2013 8:50<\/b><\/span><\/p>\n<\/td>\n<td width=\"83%\">\n<p align=\"justify\"><span style=\"color: #ff0000;\"><span style=\"font-family: Garamond, serif;\">\u015aniadanie<\/span><\/span><\/p>\n<\/td>\n<\/tr>\n<tr valign=\"top\">\n<td width=\"17%\">\n<p align=\"justify\"><span style=\"font-family: Garamond, serif;\"><b>8:50 \u2013 9:00<\/b><\/span><\/p>\n<\/td>\n<td width=\"83%\">\n<p align=\"justify\"><span style=\"font-family: Garamond, serif;\">Zabiegi higieniczne po \u015bniadaniu. Przygotowanie do zaj\u0119\u0107 dydaktycznych.<\/span><\/p>\n<\/td>\n<\/tr>\n<tr valign=\"top\">\n<td width=\"17%\">\n<p>&nbsp;<\/p>\n<\/td>\n<td width=\"83%\">\n<p align=\"justify\"><span style=\"color: #41238d;\"><span style=\"font-family: Garamond, serif;\"><b>Dzia\u0142ania dopo\u0142udniowe<\/b><\/span><\/span><\/p>\n<\/td>\n<\/tr>\n<tr valign=\"top\">\n<td width=\"17%\">\n<p align=\"justify\"><span style=\"font-family: Garamond, serif;\"><b>9:00 \u2013 10:00<\/b><\/span><\/p>\n<\/td>\n<td width=\"83%\">\n<p align=\"justify\"><span style=\"font-family: Garamond, serif;\">Zaj\u0119cia dydaktyczne w salach zabaw lub w ogrodzie realizowane wed\u0142ug tygodniowego rozk\u0142adu zaj\u0119\u0107 oraz wed\u0142ug wybranych program\u00f3w wychowania przedszkolnego, zabawy dowolne.<\/span><\/p>\n<\/td>\n<\/tr>\n<tr valign=\"top\">\n<td width=\"17%\">\n<p align=\"justify\"><span style=\"font-family: Garamond, serif;\"><b>10:00 \u2013 10:15<\/b><\/span><\/p>\n<\/td>\n<td width=\"83%\">\n<p align=\"justify\"><span style=\"font-family: Garamond, serif;\">Zabiegi higieniczne (przed i po posi\u0142ku) \u2013 <\/span><span style=\"color: #ff0000;\"><span style=\"font-family: Garamond, serif;\">II \u015bniadanie.<\/span><\/span><\/p>\n<\/td>\n<\/tr>\n<tr valign=\"top\">\n<td width=\"17%\">\n<p align=\"justify\"><span style=\"font-family: Garamond, serif;\"><b>10:15 \u2013 11:20<\/b><\/span><\/p>\n<\/td>\n<td width=\"83%\">\n<p align=\"justify\"><span style=\"font-family: Garamond, serif;\">Zabawy dowolne lub organizowane na terenie sali. Pobyt na \u015bwie\u017cym powietrzu \u2013 zabawy dowolne, spacery, wycieczki, zaj\u0119cia ruchowe: terenowe, badawcze, tropi\u0105ce. Obserwacje przyrodnicze. Praca indywidualna z dzieckiem ( stymuluj\u0105co \u2013 wspomagaj\u0105ca, rozwijaj\u0105ca dolno\u015bci dzieci itp. ). <\/span><\/p>\n<p align=\"justify\"><span style=\"font-family: Garamond, serif;\">Czynno\u015bci organizacyjno \u2013 porz\u0105dkowe.<\/span><\/p>\n<\/td>\n<\/tr>\n<tr valign=\"top\">\n<td width=\"17%\">\n<p align=\"justify\"><span style=\"font-family: Garamond, serif;\"><b>11:20 \u2013 12:00<\/b><\/span><\/p>\n<\/td>\n<td width=\"83%\">\n<p align=\"justify\"><span style=\"font-family: Garamond, serif;\">Zabiegi higieniczne<\/span><span style=\"font-family: Garamond, serif;\"><b> <\/b><\/span><span style=\"font-family: Garamond, serif;\">(przed i po posi\u0142ku) <\/span><span style=\"color: #ff0000;\"><span style=\"font-family: Garamond, serif;\">Obiad<\/span><\/span><\/p>\n<\/td>\n<\/tr>\n<tr valign=\"top\">\n<td width=\"17%\">\n<p align=\"justify\"><span style=\"font-family: Garamond, serif;\"><b>12:00 \u2013 13:45<\/b><\/span><\/p>\n<\/td>\n<td width=\"83%\">\n<p align=\"justify\"><span style=\"font-family: Garamond, serif;\"><u>Grupy m\u0142odsze<\/u><\/span><\/p>\n<p align=\"justify\"><span style=\"font-family: Garamond, serif;\">Odpoczynek na le\u017cakach \u2013 s\u0142uchanie ko\u0142ysanek, muzyki relaksacyjnej, klasycznej, s\u0142uchanie bajek opowiadanych lub czytanych przez nauczycielk\u0119.<\/span><\/p>\n<p align=\"justify\"><span style=\"font-family: Garamond, serif;\"><u>Grupy starsze<\/u><\/span><\/p>\n<p align=\"justify\"><span style=\"font-family: Garamond, serif;\">Relaksacja, g\u0142o\u015bne czytanie, swobodne zabawy rozwijaj\u0105ce w\u0142asn\u0105 aktywno\u015b\u0107 i zainteresowania dzieci, zabawy tematyczne, zabawy maj\u0105ce na celu wspomaganie indywidualnego rozwoju dziecka, zabawy i \u0107wiczenia utrwalaj\u0105ce, zaj\u0119cia i zabawy w ogrodzie, spacery.<\/span><\/p>\n<\/td>\n<\/tr>\n<tr valign=\"top\">\n<td width=\"17%\">\n<p>&nbsp;<\/p>\n<\/td>\n<td width=\"83%\">\n<p align=\"justify\"><span style=\"color: #41238d;\"><span style=\"font-family: Garamond, serif;\"><b>Dzia\u0142ania popo\u0142udniowe<\/b><\/span><\/span><\/p>\n<\/td>\n<\/tr>\n<tr valign=\"top\">\n<td width=\"17%\">\n<p align=\"justify\"><span style=\"font-family: Garamond, serif;\"><b>13:45 \u2013 14:00<\/b><\/span><\/p>\n<\/td>\n<td width=\"83%\">\n<p align=\"justify\"><span style=\"font-family: Garamond, serif;\">Czynno\u015bci samoobs\u0142ugowe, organizacyjne; zabiegi higieniczne.<\/span><\/p>\n<\/td>\n<\/tr>\n<tr valign=\"top\">\n<td width=\"17%\">\n<p align=\"justify\"><span style=\"font-family: Garamond, serif;\"><b>14:00 \u2013 14:20 <\/b><\/span><\/p>\n<\/td>\n<td width=\"83%\">\n<p align=\"justify\"><span style=\"color: #ff0000;\"><span style=\"font-family: Garamond, serif;\">Podwieczorek<\/span><\/span><\/p>\n<\/td>\n<\/tr>\n<tr valign=\"top\">\n<td width=\"17%\">\n<p align=\"justify\"><span style=\"font-family: Garamond, serif;\"><b>14:20 \u2013 15:30<\/b><\/span><\/p>\n<\/td>\n<td width=\"83%\">\n<p align=\"justify\"><span style=\"font-family: Garamond, serif;\">Rozchodzenie si\u0119 dzieci z sal w\u0142asnych, zabawy dowolne wed\u0142ug w\u0142asnych zainteresowa\u0144, zabawy i gry dydaktyczne w ma\u0142ych zespo\u0142ach, zabawy inspirowane przez nauczyciela, praca indywidualna wyr\u00f3wnawczo-stymuluj\u0105ca, praca z dzieckiem zdolnym, pobyt na \u015bwie\u017cym powietrzu-swobodne zabawy, prace porz\u0105dkowe w sali.<\/span><\/p>\n<\/td>\n<\/tr>\n<tr valign=\"top\">\n<td width=\"17%\">\n<p align=\"justify\"><span style=\"font-family: Garamond, serif;\"><b>15:30 \u2013 16:00<\/b><\/span><\/p>\n<\/td>\n<td width=\"83%\">\n<p align=\"justify\"><span style=\"font-family: Garamond, serif;\">Rozchodzenie si\u0119 dzieci z sal zbiorczych, zabawy dowolne, g\u0142o\u015bne czytanie.<\/span><\/p>\n<\/td>\n<\/tr>\n<tr valign=\"top\">\n<td width=\"17%\">\n<p align=\"justify\"><span style=\"font-family: Garamond, serif;\"><b>16:00 \u2013 17:00<\/b><\/span><\/p>\n<\/td>\n<td width=\"83%\">\n<p align=\"justify\"><span style=\"font-family: Garamond, serif;\">Rozchodzenie si\u0119 z sali zbiorczej, kontakty indywidualne z dzie\u0107mi podczas rozchodzenia si\u0119, zabawy podejmowane z inicjatywy dzieci, zabawy organizowane przy niewielkim udziale nauczyciela, prace porz\u0105dkowe.<\/span><\/p>\n<\/td>\n<\/tr>\n<\/tbody>\n<\/table>\n<p align=\"justify\">\n<p align=\"justify\">\n<p align=\"justify\">\n<p align=\"justify\">\n<p align=\"justify\">\n<p align=\"justify\"><span style=\"color: #ff0000;\"><span style=\"font-family: Garamond, serif;\">. <\/span><\/span><\/p>\n<p align=\"justify\">\n<p align=\"justify\">\n<p align=\"justify\">\n<p align=\"justify\">\n<p align=\"justify\">[\/et_pb_text][\/et_pb_column][\/et_pb_row][\/et_pb_section]<\/p>\n","protected":false},"excerpt":{"rendered":"<p>Ramowy rozk\u0142ad dnia Przedszkola nr 4 im. Marii Konopnickiej w \u017borach Podstawa programowa realizowana jest w godzinach 6:00 \u2013 17:00 Ranek 6:00 \u2013 7:30 Schodzenie si\u0119 dzieci w grupie zbiorczej &#8211; dowolna dzia\u0142alno\u015b\u0107 dzieci, rozmowy indywidualne lub zespo\u0142owe, zabawy zainspirowane przez nauczycielk\u0119, zabawy integruj\u0105ce grup\u0119. 7:30 \u2013 8:00 Schodzenie si\u0119 dzieci w grupach w\u0142asnych, kontakty [&hellip;]<\/p>\n","protected":false},"author":2,"featured_media":0,"parent":0,"menu_order":0,"comment_status":"closed","ping_status":"closed","template":"","meta":{"_et_pb_use_builder":"on","_et_pb_old_content":"<p align=\"left\"><strong>6.00 \u2013 8.00<\/strong>\u00a0 Zabawy wg pomys\u0142\u00f3w dzieci. Praca o charakterze obserwacyjnym, stymuluj\u0105co- kompensuj\u0105cym i wychowawczym, zabawy wg inwencji dzieci, w k\u0105cikach tematycznych przy niewielkim udziale nauczyciela.<\/p>\n<strong>8.00 \u2013 8.30<\/strong>\u00a0 Zabawy ruchowe lub \u0107wiczenia poranne.Czynno\u015bci samoobs\u0142ugowe, przygotowanie do \u015bniadania.\n\n<strong>8.30 \u2013 9.00<\/strong>\u00a0 \u015aniadanie, doskonalenie umiej\u0119tno\u015bci samodzielnego i estetycznego spo\u017cywania posi\u0142ku.\n<p align=\"left\"><strong>9.00 \u2013 9.15<\/strong>\u00a0Czynno\u015bci higieniczne, mycie z\u0119b\u00f3w.<\/p>\n<p align=\"left\"><strong>9.15 \u2013 9.30<\/strong>\u00a0Zintegrowana dzia\u0142alno\u015b\u0107 edukacyjna w oparciu o podstaw\u0119 programow\u0105 i przyj\u0119ty program wychowania przedszkolnego, rozwijanie aktywno\u015bci dziecka w r\u00f3\u017cnych sferach (dzieci m\u0142odsze).<\/p>\n<strong>9.30 \u2013 10.00<\/strong>\u00a0 Zintegrowana dzia\u0142alno\u015b\u0107 edukacyjna w oparciu o podstaw\u0119 programow\u0105 i przyj\u0119ty program wychowania przedszkolnego, rozwijanie aktywno\u015bci dziecka w r\u00f3\u017cnych sferach(dzieci starsze).\n\n<strong>10.00 \u2013 11.30<\/strong>\u00a0 Zabawy integracyjne, konstrukcyjne i plastyczno-techniczne, gry planszowe. Pobyt na \u015bwie\u017cym powietrzu przeznaczony na spacery, zaj\u0119cia ruchowe, obserwacje przyrodnicze, prace gospodarcze i porz\u0105dkowe.\n\n<strong>11.30 \u2013 12.00<\/strong>\u00a0Obiad , czynno\u015bci samoobs\u0142ugowe, opieku\u0144cze.\n\n<strong>12.00 \u2013 13.45<\/strong>\u00a0Grupy m\u0142odsze \u2013 odpoczynek poobiedni muzykoterapia, bajko terapia, czas dobrowolnie zagospodarowany przez nauczyciela (czytanie bajek, opowie\u015bci ruchowe, czynno\u015bci opieku\u0144cze).\nGrupy starsze \u2013 relaksacja, czas dobrowolnie zagospodarowany przez nauczyciela \u0107wiczenia utrwalaj\u0105ce wiadomo\u015bci; zabawy integracyjne, konstrukcyjne i plastyczno-techniczne, gry planszowe.\n\n<strong>13.45 \u2013 14.15<\/strong>\u00a0Podwieczorek, czynno\u015bci samoobs\u0142ugowe i porz\u0105dkowe; pomoc w nakrywaniu do posi\u0142ku.\n\n<strong>14.15 \u2013 16.30<\/strong>\u00a0Zaj\u0119cia dodatkowe, kontynuacja dzia\u0142alno\u015bci edukacyjnej praca wyr\u00f3wnawcza, praca z dzieckiem zdolnym zaj\u0119cia dodatkowe , zabawy integracyjne, ruchowe, plastyczno-techniczne , tematyczne, pobyt a \u015bwie\u017cym powietrzu , zaj\u0119cia dodatkowe ,prace porz\u0105dkowe, om\u00f3wienie wydarze\u0144 dnia, zabawy dowolne wg zainteresowa\u0144 dzieci.\n<h2>Podstawa Programowa<\/h2>\nCzas pobytu dziecka w przedszkolu jest r\u00f3\u017cny: od trzech do pi\u0119ciu godzin w tzw. innych formach wychowania przedszkolnego, pi\u0119\u0107 godzin w oddzia\u0142ach przedszkolnych przy szkole podstawowej, w przedszkolu publicznym najcz\u0119\u015bciej do dziesi\u0119ciu godzin. Minimum czasu realizacji podstawy programowej zosta\u0142o okre\u015blone w Rozporz\u0105dzeniu Ministra Edukacji Narodowej z 21 maja 2001 r. w sprawie ramowych statut\u00f3w publicznego przedszkola oraz publicznych szk\u00f3\u0142, a ,nast\u0119pnie czas ten zosta\u0142 zapisany w statucie ka\u017cdego przedszkola. Statu przedszkola okre\u015bla: dzienny czas pracy przedszkola ustalony przez organ prowadz\u0105cy na wniosek dyrektora przedszkola, w tym czas przeznaczony na realizacj\u0119 podstawy programowej wychowania przedszkolnego, nie kr\u00f3tszy ni\u017c pi\u0119\u0107 godzin dziennie.\n<p align=\"center\">Realizacja podstawy programowej w naszym przedszkolu odbywa si\u0119 od godz. 8.00 \u2013 13.00<\/p>","_et_gb_content_width":"","footnotes":""},"class_list":["post-638","page","type-page","status-publish","hentry"],"_links":{"self":[{"href":"https:\/\/zsp1.zory.pl\/index.php?rest_route=\/wp\/v2\/pages\/638","targetHints":{"allow":["GET"]}}],"collection":[{"href":"https:\/\/zsp1.zory.pl\/index.php?rest_route=\/wp\/v2\/pages"}],"about":[{"href":"https:\/\/zsp1.zory.pl\/index.php?rest_route=\/wp\/v2\/types\/page"}],"author":[{"embeddable":true,"href":"https:\/\/zsp1.zory.pl\/index.php?rest_route=\/wp\/v2\/users\/2"}],"replies":[{"embeddable":true,"href":"https:\/\/zsp1.zory.pl\/index.php?rest_route=%2Fwp%2Fv2%2Fcomments&post=638"}],"version-history":[{"count":5,"href":"https:\/\/zsp1.zory.pl\/index.php?rest_route=\/wp\/v2\/pages\/638\/revisions"}],"predecessor-version":[{"id":1116,"href":"https:\/\/zsp1.zory.pl\/index.php?rest_route=\/wp\/v2\/pages\/638\/revisions\/1116"}],"wp:attachment":[{"href":"https:\/\/zsp1.zory.pl\/index.php?rest_route=%2Fwp%2Fv2%2Fmedia&parent=638"}],"curies":[{"name":"wp","href":"https:\/\/api.w.org\/{rel}","templated":true}]}}