{"id":432,"date":"2021-08-06T18:04:55","date_gmt":"2021-08-06T16:04:55","guid":{"rendered":"http:\/\/185.242.132.144\/?page_id=432"},"modified":"2021-12-05T17:54:03","modified_gmt":"2021-12-05T16:54:03","slug":"formularze","status":"publish","type":"page","link":"https:\/\/zsp1.zory.pl\/?page_id=432","title":{"rendered":"Dokumenty"},"content":{"rendered":"<p>[et_pb_section fb_built=&#8221;1&#8243; admin_label=&#8221;Teams &#038; Positions&#8221; _builder_version=&#8221;4.9.10&#8243; background_color=&#8221;#F3F5FA&#8221; custom_margin=&#8221;0px||||false|false&#8221; custom_padding=&#8221;0px|0px|0px|0px|false|false&#8221; global_colors_info=&#8221;{}&#8221;][et_pb_row admin_label=&#8221;Row&#8221; _builder_version=&#8221;3.25&#8243; custom_padding=&#8221;|||&#8221; locked=&#8221;off&#8221; global_colors_info=&#8221;{}&#8221;][et_pb_column type=&#8221;4_4&#8243; _builder_version=&#8221;3.25&#8243; custom_padding=&#8221;|||&#8221; global_colors_info=&#8221;{}&#8221; custom_padding__hover=&#8221;|||&#8221;][et_pb_text admin_label=&#8221;Title&#8221; _builder_version=&#8221;3.27.4&#8243; text_font=&#8221;Ubuntu||||||||&#8221; text_font_size=&#8221;16px&#8221; text_line_height=&#8221;1.8em&#8221; header_font=&#8221;||||||||&#8221; header_2_font=&#8221;Montserrat|700|||||||&#8221; header_2_font_size=&#8221;40px&#8221; header_2_line_height=&#8221;1.4em&#8221; text_orientation=&#8221;center&#8221; max_width=&#8221;600px&#8221; module_alignment=&#8221;center&#8221; custom_margin=&#8221;|||&#8221; global_colors_info=&#8221;{}&#8221;]<\/p>\n<h2>DOKUMENTY<\/h2>\n<p>[\/et_pb_text][\/et_pb_column][\/et_pb_row][et_pb_row column_structure=&#8221;1_3,1_3,1_3&#8243; use_custom_gutter=&#8221;on&#8221; gutter_width=&#8221;2&#8243; admin_label=&#8221;Careers&#8221; _builder_version=&#8221;3.25&#8243; custom_margin=&#8221;-49px|auto||auto||&#8221; custom_padding=&#8221;2px|||||&#8221; global_colors_info=&#8221;{}&#8221;][et_pb_column type=&#8221;1_3&#8243; _builder_version=&#8221;3.25&#8243; custom_padding=&#8221;|||&#8221; global_colors_info=&#8221;{}&#8221; custom_padding__hover=&#8221;|||&#8221;][et_pb_blurb title=&#8221;BIP&#8221; admin_label=&#8221;Careers&#8221; _builder_version=&#8221;4.13.1&#8243; header_font=&#8221;Montserrat|600|||||||&#8221; header_text_align=&#8221;center&#8221; header_font_size=&#8221;20px&#8221; header_line_height=&#8221;1.7em&#8221; body_font=&#8221;Ubuntu||||||||&#8221; body_text_align=&#8221;center&#8221; body_text_color=&#8221;rgba(255,255,255,0.7)&#8221; body_font_size=&#8221;16px&#8221; background_color=&#8221;#1fb6ea&#8221; background_image=&#8221;http:\/\/zsp1.zory.pl\/wp-content\/uploads\/2021\/11\/web-design-bg-texture_01.jpg&#8221; background_blend=&#8221;overlay&#8221; background_layout=&#8221;dark&#8221; custom_margin=&#8221;30px||30px|&#8221; custom_padding=&#8221;80px|30px|80px|30px&#8221; animation_style=&#8221;slide&#8221; animation_direction=&#8221;bottom&#8221; animation_intensity_slide=&#8221;10%&#8221; link_option_url=&#8221;https:\/\/zsp1zory.bip.net.pl\/&#8221; border_radii=&#8221;on|5px|5px|5px|5px&#8221; global_colors_info=&#8221;{}&#8221;]<\/p>\n<p>Biuletyn Informacji Publicznej Przedszkola<\/p>\n<p>[\/et_pb_blurb][et_pb_blurb title=&#8221;DOST\u0118PNO\u015a\u0106&#8221; admin_label=&#8221;Service&#8221; _builder_version=&#8221;4.13.1&#8243; _dynamic_attributes=&#8221;link_option_url&#8221; header_font=&#8221;Montserrat|600|||||||&#8221; header_text_align=&#8221;center&#8221; header_font_size=&#8221;20px&#8221; header_line_height=&#8221;1.7em&#8221; body_font=&#8221;Ubuntu||||||||&#8221; body_text_align=&#8221;center&#8221; body_text_color=&#8221;rgba(255,255,255,0.7)&#8221; body_font_size=&#8221;16px&#8221; background_color=&#8221;#31C56F&#8221; background_image=&#8221;http:\/\/zsp1.zory.pl\/wp-content\/uploads\/2021\/11\/web-design-bg-texture_03.jpg&#8221; background_blend=&#8221;overlay&#8221; background_layout=&#8221;dark&#8221; custom_margin=&#8221;30px||30px|&#8221; custom_padding=&#8221;80px|30px|80px|30px&#8221; animation_style=&#8221;slide&#8221; animation_direction=&#8221;bottom&#8221; animation_intensity_slide=&#8221;10%&#8221; link_option_url=&#8221;@ET-DC@eyJkeW5hbWljIjp0cnVlLCJjb250ZW50IjoicG9zdF9saW5rX3VybF9wYWdlIiwic2V0dGluZ3MiOnsicG9zdF9pZCI6IjgzMCJ9fQ==@&#8221; border_radii=&#8221;on|5px|5px|5px|5px&#8221; global_colors_info=&#8221;{}&#8221;]<\/p>\n<p>Deklaracja dost\u0119pno\u015bci &#8211; informacje w sprawie u\u0142atwie\u0144 dost\u0119pu<\/p>\n<p>[\/et_pb_blurb][et_pb_blurb title=&#8221;POLITYKA PRYWATNO\u015aCI&#8221; admin_label=&#8221;Service&#8221; _builder_version=&#8221;4.13.1&#8243; _dynamic_attributes=&#8221;link_option_url&#8221; header_font=&#8221;Montserrat|600|||||||&#8221; header_text_align=&#8221;center&#8221; header_font_size=&#8221;20px&#8221; header_line_height=&#8221;1.7em&#8221; body_font=&#8221;Ubuntu||||||||&#8221; body_text_align=&#8221;center&#8221; body_text_color=&#8221;rgba(255,255,255,0.7)&#8221; body_font_size=&#8221;16px&#8221; background_color=&#8221;#8300E9&#8243; background_image=&#8221;http:\/\/zsp1.zory.pl\/wp-content\/uploads\/2021\/11\/web-design-bg-texture_03.jpg&#8221; background_blend=&#8221;overlay&#8221; background_layout=&#8221;dark&#8221; custom_margin=&#8221;30px||30px|&#8221; custom_padding=&#8221;80px|30px|80px|30px&#8221; animation_style=&#8221;slide&#8221; animation_direction=&#8221;bottom&#8221; animation_intensity_slide=&#8221;10%&#8221; link_option_url=&#8221;@ET-DC@eyJkeW5hbWljIjp0cnVlLCJjb250ZW50IjoicG9zdF9saW5rX3VybF9wYWdlIiwic2V0dGluZ3MiOnsicG9zdF9pZCI6IjMifX0=@&#8221; border_radii=&#8221;on|5px|5px|5px|5px&#8221; global_colors_info=&#8221;{}&#8221;]<\/p>\n<p>Cookies, prywatno\u015b\u0107, zakres przetwarzania danych osobowych<\/p>\n<p>[\/et_pb_blurb][\/et_pb_column][et_pb_column type=&#8221;1_3&#8243; _builder_version=&#8221;3.25&#8243; custom_padding=&#8221;|||&#8221; global_colors_info=&#8221;{}&#8221; custom_padding__hover=&#8221;|||&#8221;][et_pb_blurb title=&#8221;POROZUMIENIE O \u015aWIADCZENIE US\u0141UG PRZEDSZKOLNYCH&#8221; admin_label=&#8221;Careers&#8221; _builder_version=&#8221;4.14.2&#8243; header_font=&#8221;Montserrat|600|||||||&#8221; header_text_align=&#8221;center&#8221; header_font_size=&#8221;20px&#8221; header_line_height=&#8221;1.7em&#8221; body_font=&#8221;Ubuntu||||||||&#8221; body_text_align=&#8221;center&#8221; body_text_color=&#8221;rgba(255,255,255,0.7)&#8221; body_font_size=&#8221;16px&#8221; background_color=&#8221;#3644AF&#8221; background_image=&#8221;http:\/\/zsp1.zory.pl\/wp-content\/uploads\/2021\/11\/web-design-bg-texture_02.jpg&#8221; background_blend=&#8221;overlay&#8221; background_layout=&#8221;dark&#8221; custom_margin=&#8221;30px||30px|&#8221; custom_padding=&#8221;36px|30px|55px|30px||&#8221; animation_style=&#8221;slide&#8221; animation_direction=&#8221;bottom&#8221; animation_delay=&#8221;100ms&#8221; animation_intensity_slide=&#8221;10%&#8221; hover_enabled=&#8221;0&#8243; border_radii=&#8221;on|5px|5px|5px|5px&#8221; global_colors_info=&#8221;{}&#8221; sticky_enabled=&#8221;0&#8243; link_option_url=&#8221;http:\/\/zsp1.zory.pl\/wp-content\/uploads\/2021\/12\/Porozumienie-o-swiadzenie-uslug-przedszkolnych.dotx&#8221;]<\/p>\n<p>Obowi\u0105zuj\u0105cy w przedszkolu wz\u00f3r umowy<\/p>\n<p>[\/et_pb_blurb][et_pb_blurb title=&#8221;STATUT&#8221; admin_label=&#8221;Careers&#8221; _builder_version=&#8221;4.13.1&#8243; header_font=&#8221;Montserrat|600|||||||&#8221; header_text_align=&#8221;center&#8221; header_font_size=&#8221;20px&#8221; header_line_height=&#8221;1.7em&#8221; body_font=&#8221;Ubuntu||||||||&#8221; body_text_align=&#8221;center&#8221; body_text_color=&#8221;rgba(255,255,255,0.7)&#8221; body_font_size=&#8221;16px&#8221; background_color=&#8221;#FFA03B&#8221; background_image=&#8221;http:\/\/zsp1.zory.pl\/wp-content\/uploads\/2021\/11\/web-design-bg-texture_01.jpg&#8221; background_blend=&#8221;overlay&#8221; background_layout=&#8221;dark&#8221; custom_margin=&#8221;30px||30px|&#8221; custom_padding=&#8221;80px|30px|80px|30px&#8221; animation_style=&#8221;slide&#8221; animation_direction=&#8221;bottom&#8221; animation_delay=&#8221;100ms&#8221; animation_intensity_slide=&#8221;10%&#8221; link_option_url=&#8221;https:\/\/zsp1zory.bip.net.pl\/?c=214&#8243; border_radii=&#8221;on|5px|5px|5px|5px&#8221; global_colors_info=&#8221;{}&#8221;]<\/p>\n<p>Podstawa prawna dzia\u0142ania i nasze cele<\/p>\n<p>[\/et_pb_blurb][et_pb_blurb title=&#8221;RADA PEDAGOGICZNA&#8221; admin_label=&#8221;Careers&#8221; _builder_version=&#8221;4.14.1&#8243; header_font=&#8221;Montserrat|600|||||||&#8221; header_text_align=&#8221;center&#8221; header_font_size=&#8221;20px&#8221; header_line_height=&#8221;1.7em&#8221; body_font=&#8221;Ubuntu||||||||&#8221; body_text_align=&#8221;center&#8221; body_text_color=&#8221;rgba(255,255,255,0.7)&#8221; body_font_size=&#8221;16px&#8221; background_color=&#8221;#0C5815&#8243; background_image=&#8221;http:\/\/zsp1.zory.pl\/wp-content\/uploads\/2021\/11\/web-design-bg-texture_01.jpg&#8221; background_blend=&#8221;overlay&#8221; background_layout=&#8221;dark&#8221; custom_margin=&#8221;30px||30px|&#8221; custom_padding=&#8221;80px|30px|80px|30px&#8221; animation_style=&#8221;slide&#8221; animation_direction=&#8221;bottom&#8221; animation_delay=&#8221;100ms&#8221; animation_intensity_slide=&#8221;10%&#8221; border_radii=&#8221;on|5px|5px|5px|5px&#8221; global_colors_info=&#8221;{}&#8221;]<\/p>\n<p>Sk\u0142ad, Regulamin rady pedagogicznej, informacje<\/p>\n<p>[\/et_pb_blurb][\/et_pb_column][et_pb_column type=&#8221;1_3&#8243; _builder_version=&#8221;3.25&#8243; custom_padding=&#8221;|||&#8221; global_colors_info=&#8221;{}&#8221; custom_padding__hover=&#8221;|||&#8221;][et_pb_blurb title=&#8221;REGULAMINY&#8221; admin_label=&#8221;Careers&#8221; _builder_version=&#8221;4.13.0&#8243; header_font=&#8221;Montserrat|600|||||||&#8221; header_text_align=&#8221;center&#8221; header_font_size=&#8221;20px&#8221; header_line_height=&#8221;1.7em&#8221; body_font=&#8221;Ubuntu||||||||&#8221; body_text_align=&#8221;center&#8221; body_text_color=&#8221;rgba(255,255,255,0.7)&#8221; body_font_size=&#8221;16px&#8221; background_color=&#8221;#2A3443&#8243; background_image=&#8221;http:\/\/zsp1.zory.pl\/wp-content\/uploads\/2021\/11\/web-design-bg-texture_03.jpg&#8221; background_blend=&#8221;overlay&#8221; background_layout=&#8221;dark&#8221; custom_margin=&#8221;30px||30px|&#8221; custom_padding=&#8221;80px|30px|80px|30px&#8221; animation_style=&#8221;slide&#8221; animation_direction=&#8221;bottom&#8221; animation_delay=&#8221;200ms&#8221; animation_intensity_slide=&#8221;10%&#8221; border_radii=&#8221;on|5px|5px|5px|5px&#8221; global_colors_info=&#8221;{}&#8221;]<\/p>\n<p>Regulaminy korzystania z przedszkola\u00a0<\/p>\n<p>[\/et_pb_blurb][et_pb_blurb title=&#8221;RODO&#8221; admin_label=&#8221;Careers&#8221; _builder_version=&#8221;4.13.1&#8243; _dynamic_attributes=&#8221;link_option_url&#8221; header_font=&#8221;Montserrat|600|||||||&#8221; header_text_align=&#8221;center&#8221; header_font_size=&#8221;20px&#8221; header_line_height=&#8221;1.7em&#8221; body_font=&#8221;Ubuntu||||||||&#8221; body_text_align=&#8221;center&#8221; body_text_color=&#8221;rgba(255,255,255,0.7)&#8221; body_font_size=&#8221;16px&#8221; background_color=&#8221;#EB514E&#8221; background_image=&#8221;http:\/\/zsp1.zory.pl\/wp-content\/uploads\/2021\/11\/web-design-bg-texture_02.jpg&#8221; background_blend=&#8221;overlay&#8221; background_layout=&#8221;dark&#8221; custom_margin=&#8221;30px||30px|&#8221; custom_padding=&#8221;80px|30px|80px|30px&#8221; animation_style=&#8221;slide&#8221; animation_direction=&#8221;bottom&#8221; animation_delay=&#8221;200ms&#8221; animation_intensity_slide=&#8221;10%&#8221; link_option_url=&#8221;@ET-DC@eyJkeW5hbWljIjp0cnVlLCJjb250ZW50IjoicG9zdF9saW5rX3VybF9wYWdlIiwic2V0dGluZ3MiOnsicG9zdF9pZCI6IjQzNiJ9fQ==@&#8221; border_radii=&#8221;on|5px|5px|5px|5px&#8221; global_colors_info=&#8221;{}&#8221;]<\/p>\n<p>Dokumenty zwi\u0105zane z przetwarzeniem danych osobowych<\/p>\n<p>[\/et_pb_blurb][et_pb_blurb title=&#8221;RADA RODZIC\u00d3W&#8221; admin_label=&#8221;Careers&#8221; _builder_version=&#8221;4.13.0&#8243; _dynamic_attributes=&#8221;link_option_url&#8221; header_font=&#8221;Montserrat|600|||||||&#8221; header_text_align=&#8221;center&#8221; header_font_size=&#8221;20px&#8221; header_line_height=&#8221;1.7em&#8221; body_font=&#8221;Ubuntu||||||||&#8221; body_text_align=&#8221;center&#8221; body_text_color=&#8221;rgba(255,255,255,0.7)&#8221; body_font_size=&#8221;16px&#8221; background_color=&#8221;#B74C32&#8243; background_image=&#8221;http:\/\/zsp1.zory.pl\/wp-content\/uploads\/2021\/11\/web-design-bg-texture_02.jpg&#8221; background_blend=&#8221;overlay&#8221; background_layout=&#8221;dark&#8221; custom_margin=&#8221;30px||30px|&#8221; custom_padding=&#8221;80px|30px|80px|30px&#8221; animation_style=&#8221;slide&#8221; animation_direction=&#8221;bottom&#8221; animation_delay=&#8221;200ms&#8221; animation_intensity_slide=&#8221;10%&#8221; link_option_url=&#8221;@ET-DC@eyJkeW5hbWljIjp0cnVlLCJjb250ZW50IjoicG9zdF9saW5rX3VybF9wYWdlIiwic2V0dGluZ3MiOnsicG9zdF9pZCI6IjQzMCJ9fQ==@&#8221; border_radii=&#8221;on|5px|5px|5px|5px&#8221; global_colors_info=&#8221;{}&#8221;]<\/p>\n<p>Sk\u0142ad, Regulamin rady rodzic\u00f3w, bie\u017c\u0105ce informacje<\/p>\n<p>[\/et_pb_blurb][\/et_pb_column][\/et_pb_row][\/et_pb_section]<\/p>\n","protected":false},"excerpt":{"rendered":"<p>DOKUMENTYBiuletyn Informacji Publicznej PrzedszkolaDeklaracja dost\u0119pno\u015bci &#8211; informacje w sprawie u\u0142atwie\u0144 dost\u0119puCookies, prywatno\u015b\u0107, zakres przetwarzania danych osobowychObowi\u0105zuj\u0105cy w przedszkolu wz\u00f3r umowyPodstawa prawna dzia\u0142ania i nasze celeSk\u0142ad, Regulamin rady pedagogicznej, informacjeRegulaminy korzystania z przedszkola\u00a0Dokumenty zwi\u0105zane z przetwarzeniem danych osobowychSk\u0142ad, Regulamin rady rodzic\u00f3w, bie\u017c\u0105ce informacje<\/p>\n","protected":false},"author":2,"featured_media":0,"parent":0,"menu_order":0,"comment_status":"closed","ping_status":"closed","template":"","meta":{"_et_pb_use_builder":"on","_et_pb_old_content":"","_et_gb_content_width":"","footnotes":""},"class_list":["post-432","page","type-page","status-publish","hentry"],"_links":{"self":[{"href":"https:\/\/zsp1.zory.pl\/index.php?rest_route=\/wp\/v2\/pages\/432","targetHints":{"allow":["GET"]}}],"collection":[{"href":"https:\/\/zsp1.zory.pl\/index.php?rest_route=\/wp\/v2\/pages"}],"about":[{"href":"https:\/\/zsp1.zory.pl\/index.php?rest_route=\/wp\/v2\/types\/page"}],"author":[{"embeddable":true,"href":"https:\/\/zsp1.zory.pl\/index.php?rest_route=\/wp\/v2\/users\/2"}],"replies":[{"embeddable":true,"href":"https:\/\/zsp1.zory.pl\/index.php?rest_route=%2Fwp%2Fv2%2Fcomments&post=432"}],"version-history":[{"count":8,"href":"https:\/\/zsp1.zory.pl\/index.php?rest_route=\/wp\/v2\/pages\/432\/revisions"}],"predecessor-version":[{"id":1132,"href":"https:\/\/zsp1.zory.pl\/index.php?rest_route=\/wp\/v2\/pages\/432\/revisions\/1132"}],"wp:attachment":[{"href":"https:\/\/zsp1.zory.pl\/index.php?rest_route=%2Fwp%2Fv2%2Fmedia&parent=432"}],"curies":[{"name":"wp","href":"https:\/\/api.w.org\/{rel}","templated":true}]}}